{"id":651,"date":"2014-11-18T08:44:45","date_gmt":"2014-11-18T06:44:45","guid":{"rendered":"http:\/\/demo.oceanthemes.net\/ananke\/?page_id=496"},"modified":"2025-06-11T12:55:54","modified_gmt":"2025-06-11T10:55:54","slug":"index","status":"publish","type":"page","link":"https:\/\/rentaquad-zlatibor.com\/","title":{"rendered":"RENTAQUAD-ZLATIBOR"},"content":{"rendered":"<p>[vc_row extra_id=&#8221;home&#8221; wrap_class=&#8221;yes&#8221; fullwidth=&#8221;yes&#8221;][vc_column]\t\n\t<video id=\"video_background\" preload=\"auto\" autoplay loop muted volume=\"0\" poster=\"\" playsinline> \n\t\t<source src=\"https:\/\/rentaquad-zlatibor.com\/wp-content\/uploads\/2020\/08\/video.webm\" type=\"video\/webm\"> \t\t<source src=\"https:\/\/rentaquad-zlatibor.com\/wp-content\/uploads\/2020\/08\/video.mp4\" type=\"video\/mp4\"> \t\t\t<\/video>\n\n\t<div class=\"big-text flippy\">\n\t\t<\/p>\n<ul>\n<li><b>RENTA QUAD ZLATIBOR<\/b><\/li>\n<li><strong>069 \/ 44 37 513<\/strong><\/li>\n<li><strong>060 \/ 30 900 90<\/strong><\/li>\n<li><strong>NUDIMO NAJBOLJE ZA VA\u0160 NOVAC<\/strong><\/li>\n<\/ul>\n<p>\t<\/div>\n\n<a class=\"scroll\" href=\"#about\"><div  class=\"scroll-btn tipped\" data-title=\"\"><\/div><\/a>\t\n\t<div class=\"small-text\">\n\t\t<div class=\"cl-effect-5\">\n\t\t\t<a class=\"scroll\" href=\"#\"><span data-hover=\"Zaprati nas i na instagramu...\">Zaprati nas i na instagramu...<\/span><\/a>\t\t\t\t\t<\/div>\n\t<\/div>\n\n\t\n\t<div class=\"social-top\">\n\t\t<ul class=\"list-social\">\n\t\t\t\t\t\t\t<li class=\"icon-soc tipped\" data-title=\"instagram\"  data-tipper-options='{\"direction\":\"top\",\"follow\":\"true\"}'>\n\t\t\t\t\t<a target=\"_blank\" href=\"https:\/\/www.instagram.com\/rentaquadzlatibor\/\"><i class=\"fa fa-instagram\"><\/i><\/a>\n\t\t\t\t<\/li>\n\t\t\t\t\t\t\t\t\t\t\t\t\t\t\t\t\t<\/ul>\t\n\t<\/div>\n\n[\/vc_column][\/vc_row][vc_row extra_id=&#8221;onama&#8221; ses_title=&#8221;O NAMA&#8221; ses_sub_title=&#8221;PORED RAZNOVRSNOG SADR\u017dAJA KOJI NUDI ZLATIBOR, OMOGU\u0106AVAMO VAM RAZGLEDANJE NE TAKO URBANIH DELOVA, PRIRODE, PEJZA\u017dA&#8230;&#8221; css=&#8221;.vc_custom_1597335800343{padding-top: 60px !important;padding-bottom: 60px !important;background-color: #323232 !important;}&#8221;][vc_column width=&#8221;1\/3&#8243; column_effect=&#8221;topmove&#8221;]\t\n\t<div class=\"about-what-we-do\" data-scrollreveal=\"enter bottom and move 150px over 1s\">\n\t\t<div class=\"icon-left1\"><i class=\"fa fa-tree\"><\/i><\/div>\n\t\t<h5>SADR\u017dAJ<\/h5>\n\t\t<p>Pored raznovrsnog sadr\u017eaja koji nudi Zlatibor, omogu\u0107avamo vam razgledanje ne tako urbanih delova, prirode, pejza\u017ea.<\/p>\n\t<\/div>\n\n[\/vc_column][vc_column width=&#8221;1\/3&#8243;]\t\n\t<div class=\"about-what-we-do\" data-scrollreveal=\"enter bottom and move 150px over 1s\">\n\t\t<div class=\"icon-left1\"><i class=\"fa fa-map\"><\/i><\/div>\n\t\t<h5>PONUDA<\/h5>\n\t\t<p>Posebno tokom zime na raspolaganju su gume i sanke kako bi i najmla\u0111i u\u017eivali, dok tokom lep\u0161eg vremena mo\u017eete iznajmiti i bicikle.<\/p>\n\t<\/div>\n\n[\/vc_column][vc_column width=&#8221;1\/3&#8243;]\t\n\t<div class=\"about-what-we-do\" data-scrollreveal=\"enter bottom and move 150px over 1s\">\n\t\t<div class=\"icon-left1\"><i class=\"fa fa-road\"><\/i><\/div>\n\t\t<h5>VO\u017dNJA<\/h5>\n\t\t<p>Ture se mogu organizovati po va\u0161oj \u017eelji, u trajanju od 30 minuta pa nadalje. Sa vama idu vodi\u010di koji su vam na raspolaganju tokom cele vo\u017enje.<\/p>\n\t<\/div>\n\n[\/vc_column][\/vc_row][vc_row disable_element=&#8221;yes&#8221; fullwidth=&#8221;yes&#8221;][vc_column]\t\n\t<div class=\"video-sections\">\n\t\t<div class=\"video-section-1\" style=\"background: url('https:\/\/rentaquad-zlatibor.com\/wp-content\/uploads\/2020\/08\/renta-quad-logo3.png');\" >\n\t\t\t\t\t\t<div class=\"just_pattern\"><\/div>\n\t\t\t<div class=\"text-over-video\"><\/div>\t\n\t\t<\/div>\t\n\t\t<div class=\"video-section-2\">\t\n\t\t\t<div class=\"container\">\n\t\t\t\t<div class=\"nine columns padding-top-video-sec2\" data-scrollreveal=\"enter right and move 150px over 1s\">\n\t\t\t\t\t<\/p>\n<h5>WHAT WE DO.<\/h5>\n<p>Cum sociis natoque penatibus et magnis dis parturient montes, nascetur ridiculus mus.Praesent commodo arcu massa.\t\t\t\t<\/div>\n\t\t\t\t<div class=\"clear\"><\/div>\n\t\t\t\t<div class=\"nine columns\" data-scrollreveal=\"enter right and move 150px over 1s\">\n\t\t\t\t\t<\/p>\n<h5>WHAT WE ACHIEVE.<\/h5>\n<p>Cum sociis natoque penatibus et magnis dis parturient montes, nascetur ridiculus mus.Praesent commodo arcu massa.\t\t\t\t<\/div>\n\t\t\t\t<div class=\"clear\"><\/div>\n\t\t\t\t<div class=\"nine columns\" data-scrollreveal=\"enter right and move 150px over 1s\">\n\t\t\t\t\t<\/p>\n<h5>AT THE END.<\/h5>\n<p>Cum sociis natoque penatibus et magnis dis parturient montes, nascetur ridiculus mus.Praesent commodo arcu massa.\t\t\t\t<\/div>\n\t\t\t<\/div>\n\t\t<\/div>\t\n\t<\/div>\n\n[\/vc_column][\/vc_row][vc_row extra_id=&#8221;stanudimo&#8221; ses_title=&#8221;\u0160TA NUDIMO&#8221; css=&#8221;.vc_custom_1597335814262{padding-top: 60px !important;padding-bottom: 60px !important;background-color: #292929 !important;}&#8221;][vc_column width=&#8221;1\/3&#8243;]\t\n\t<div class=\"\">\n\t\t\t\t\t<div class=\"services-offer service-icon-svg\">\n\t\t\t\t\t\t\t\t\t<span class=\"svg-icon flat-filled\" id=\"filled-location\"><\/span>\n\t\t\t\t\t\t\t\t<h5>NEVEROVATNE LOKACIJE<\/h5>\n\t\t\t\t<p>Vodimo Vas na neverovatne lokacije od kojih zastaje dah<\/p>\n\t\t\t<\/div>\n\t\t\t<\/div>\n\n[\/vc_column][vc_column width=&#8221;1\/3&#8243;]\t\n\t<div class=\"\">\n\t\t\t\t\t<div class=\"services-offer service-icon-svg\">\n\t\t\t\t\t\t\t\t\t<span class=\"svg-icon flat-filled\" id=\"filled-camera\"><\/span>\n\t\t\t\t\t\t\t\t<h5>PRELEPI PEJZA\u017dI<\/h5>\n\t\t\t\t<p>Pogled koji \u0107ete imati priliku da do\u017eivite se ne vi\u0111a svaki dan<\/p>\n\t\t\t<\/div>\n\t\t\t<\/div>\n\n[\/vc_column][vc_column width=&#8221;1\/3&#8243;]\t\n\t<div class=\"\">\n\t\t\t\t\t<div class=\"services-offer service-icon-svg\">\n\t\t\t\t\t\t\t\t\t<span class=\"svg-icon flat-filled\" id=\"filled-rocket\"><\/span>\n\t\t\t\t\t\t\t\t<h5>ADRENALIN<\/h5>\n\t\t\t\t<p>Ukoliko u\u017eivate u adrenalinskim sportovima na pravom ste mestu<\/p>\n\t\t\t<\/div>\n\t\t\t<\/div>\n\n[\/vc_column][\/vc_row][vc_row extra_id=&#8221;galerija&#8221; ses_title=&#8221;GALERIJA&#8221; css=&#8221;.vc_custom_1597660801003{padding-top: 60px !important;}&#8221;][vc_column][vc_media_grid style=&#8221;load-more&#8221; items_per_page=&#8221;6&#8243; element_width=&#8221;2&#8243; btn_title=&#8221;U\u010ditaj jo\u0161&#8221; btn_style=&#8221;outline&#8221; btn_color=&#8221;white&#8221; grid_id=&#8221;vc_gid:1749639281047-6422891106cb46dbd7706f7cce005942-1&#8243; include=&#8221;811,812,813,814,815,816,817,822,821,820,819,818&#8243; css=&#8221;.vc_custom_1597660944956{padding-top: 10px !important;}&#8221;][\/vc_column][\/vc_row][vc_row extra_id=&#8221;ponuda&#8221; ses_title=&#8221;PONUDA&#8221; ses_sub_title=&#8221;NA\u0160A TRENUTNA PONUDA&#8221; css=&#8221;.vc_custom_1597336102821{padding-top: 60px !important;padding-bottom: 60px !important;background-color: #292929 !important;}&#8221;][vc_column width=&#8221;1\/3&#8243;]\n\t<div data-scrollreveal=\"enter bottom and move 150px over 1s\">\n\t\t<div class=\"plans-offer\">\n\t\t\t<h3>KVADOVI<\/h3>\n\t\t\t<h6><\/h6>\n\t\t\tZA CENU NAS\t\t\t<div class=\"cl-effect-5\"><a class=\"scroll\" href=\"tel:381694437513\"><span data-hover=\"POZOVITE\">POZOVITE<\/span><\/a><\/div>\n\t\t<\/div>\n\t<\/div>\n\n[\/vc_column][vc_column width=&#8221;1\/3&#8243;]\n\t<div data-scrollreveal=\"enter bottom and move 150px over 1s\">\n\t\t<div class=\"plans-offer\">\n\t\t\t<h3>MOTORNE SANKE<\/h3>\n\t\t\t<h6><\/h6>\n\t\t\tZA CENU NAS\t\t\t<div class=\"cl-effect-5\"><a class=\"scroll\" href=\"tel:381694437513\"><span data-hover=\"POZOVITE\">POZOVITE<\/span><\/a><\/div>\n\t\t<\/div>\n\t<\/div>\n\n[\/vc_column][vc_column width=&#8221;1\/3&#8243;]\n\t<div data-scrollreveal=\"enter bottom and move 150px over 1s\">\n\t\t<div class=\"plans-offer\">\n\t\t\t<h3>BICIKLE<\/h3>\n\t\t\t<h6><\/h6>\n\t\t\tZA CENU NAS\t\t\t<div class=\"cl-effect-5\"><a class=\"scroll\" href=\"tel:381694437513\"><span data-hover=\"POZOVITE\">POZOVITE<\/span><\/a><\/div>\n\t\t<\/div>\n\t<\/div>\n\n[\/vc_column][\/vc_row][vc_row extra_id=&#8221;kontakt&#8221; ses_title=&#8221;KONTAKT&#8221; css=&#8221;.vc_custom_1597335915974{padding-top: 60px !important;padding-bottom: 0px !important;}&#8221;][vc_column]<div role=\"form\" class=\"wpcf7\" id=\"wpcf7-f652-o1\" lang=\"en-US\" dir=\"ltr\">\n<div class=\"screen-reader-response\"><p role=\"status\" aria-live=\"polite\" aria-atomic=\"true\"><\/p> <ul><\/ul><\/div>\n<form action=\"\/index.php\/wp-json\/wp\/v2\/pages\/651#wpcf7-f652-o1\" method=\"post\" class=\"wpcf7-form init\" novalidate=\"novalidate\" data-status=\"init\">\n<div style=\"display: none;\">\n<input type=\"hidden\" name=\"_wpcf7\" value=\"652\" \/>\n<input type=\"hidden\" name=\"_wpcf7_version\" value=\"5.6\" \/>\n<input type=\"hidden\" name=\"_wpcf7_locale\" value=\"en_US\" \/>\n<input type=\"hidden\" name=\"_wpcf7_unit_tag\" value=\"wpcf7-f652-o1\" \/>\n<input type=\"hidden\" name=\"_wpcf7_container_post\" value=\"0\" \/>\n<input type=\"hidden\" name=\"_wpcf7_posted_data_hash\" value=\"\" \/>\n<\/div>\n<div id=\"ajax-form\">\n<div class=\"three columns\">\n<label for=\"name\">Va\u0161e ime: * <\/label><span class=\"wpcf7-form-control-wrap\" data-name=\"your-name\"><input type=\"text\" name=\"your-name\" value=\"\" size=\"40\" class=\"wpcf7-form-control wpcf7-text wpcf7-validates-as-required\" id=\"name\" aria-required=\"true\" aria-invalid=\"false\" \/><\/span>\n<\/div>\n<div class=\"three columns\">\n<label for=\"email\">E-Mail: * <\/label><span class=\"wpcf7-form-control-wrap\" data-name=\"your-email\"><input type=\"email\" name=\"your-email\" value=\"\" size=\"40\" class=\"wpcf7-form-control wpcf7-text wpcf7-email wpcf7-validates-as-required wpcf7-validates-as-email\" id=\"email\" aria-required=\"true\" aria-invalid=\"false\" \/><\/span>\n<\/div>\n<div class=\"four columns\">\n<label for=\"message\">Va\u0161a poruka: *<\/label><span class=\"wpcf7-form-control-wrap\" data-name=\"your-message\"><textarea name=\"your-message\" cols=\"40\" rows=\"10\" class=\"wpcf7-form-control wpcf7-textarea wpcf7-validates-as-required\" id=\"message\" aria-required=\"true\" aria-invalid=\"false\"><\/textarea><\/span>\n<\/div>\n<div class=\"two columns\">\n<div id=\"button-con\"><input type=\"submit\" value=\"PO\u0160ALJI\" class=\"wpcf7-form-control has-spinner wpcf7-submit send_message\" id=\"send\" \/><\/div>\n<\/div>\n<\/div>\n<div class=\"wpcf7-response-output\" aria-hidden=\"true\"><\/div><\/form><\/div>[\/vc_column][\/vc_row][vc_row][vc_column width=&#8221;1\/3&#8243;]\t\n\t<div class=\"contact-wrap\">\n\t\t<p><i class=\"fa fa-phone\"><\/i><span>+381 60 30 900 90<\/span> <\/p>\t\n\t<\/div>\n\n[\/vc_column][vc_column width=&#8221;1\/3&#8243;]\t\n\t<div class=\"contact-wrap\">\n\t\t<p><i class=\"fa fa-phone\"><\/i><span>+381 69 44 37 513<\/span> <\/p>\t\n\t<\/div>\n\n[\/vc_column][vc_column width=&#8221;1\/3&#8243;]\t\n\t<div class=\"contact-wrap\">\n\t\t<p><i class=\"fa fa-map-marker\"><\/i><span>ZLATIBOR<\/span> Caffe Havana<\/p>\t\n\t<\/div>\n\n[\/vc_column][\/vc_row][vc_row][vc_column][vc_gmaps link=&#8221;#E-8_JTNDaWZyYW1lJTIwc3JjJTNEJTIyaHR0cHMlM0ElMkYlMkZ3d3cuZ29vZ2xlLmNvbSUyRm1hcHMlMkZlbWJlZCUzRnBiJTNEJTIxMW0xOCUyMTFtMTIlMjExbTMlMjExZDI4ODMuMzgxMTk3NDY3MzI5JTIxMmQxOS42OTM2MTA0NzczNTc1NzclMjEzZDQzLjcyMzQwNzM0Nzg4NTI1JTIxMm0zJTIxMWYwJTIxMmYwJTIxM2YwJTIxM20yJTIxMWkxMDI0JTIxMmk3NjglMjE0ZjEzLjElMjEzbTMlMjExbTIlMjExczB4NDc1ODJmMDAyZThkZjlmNSUyNTNBMHg2ODg4NjRhODE2MDk5Y2NjJTIxMnNSZW50YSUyNTIwUXVhZCUyNTIwWmxhdGlib3IlMjE1ZTAlMjEzbTIlMjExc2VuJTIxMnNycyUyMTR2MTc0OTYzOTI5NTA0MiUyMTVtMiUyMTFzZW4lMjEyc3JzJTIyJTIwd2lkdGglM0QlMjI2MDAlMjIlMjBoZWlnaHQlM0QlMjI0NTAlMjIlMjBmcmFtZWJvcmRlciUzRCUyMjAlMjIlMjBzdHlsZSUzRCUyMmJvcmRlciUzQTAlM0IlMjIlMjBhbGxvd2Z1bGxzY3JlZW4lM0QlMjIlMjIlMjBhcmlhLWhpZGRlbiUzRCUyMmZhbHNlJTIyJTIwdGFiaW5kZXglM0QlMjIwJTIyJTNFJTNDJTJGaWZyYW1lJTNF&#8221;][\/vc_column][\/vc_row]<\/p>\n","protected":false},"excerpt":{"rendered":"<p>[vc_row extra_id=&#8221;home&#8221; wrap_class=&#8221;yes&#8221; fullwidth=&#8221;yes&#8221;][vc_column][\/vc_column][\/vc_row][vc_row extra_id=&#8221;onama&#8221; ses_title=&#8221;O NAMA&#8221; ses_sub_title=&#8221;PORED RAZNOVRSNOG SADR\u017dAJA KOJI NUDI ZLATIBOR, OMOGU\u0106AVAMO VAM RAZGLEDANJE NE TAKO URBANIH DELOVA, PRIRODE, PEJZA\u017dA&#8230;&#8221; css=&#8221;.vc_custom_1597335800343{padding-top: 60px !important;padding-bottom: 60px !important;background-color: #323232 !important;}&#8221;][vc_column width=&#8221;1\/3&#8243; column_effect=&#8221;topmove&#8221;][\/vc_column][vc_column width=&#8221;1\/3&#8243;][\/vc_column][vc_column width=&#8221;1\/3&#8243;][\/vc_column][\/vc_row][vc_row disable_element=&#8221;yes&#8221; fullwidth=&#8221;yes&#8221;][vc_column][\/vc_column][\/vc_row][vc_row extra_id=&#8221;stanudimo&#8221; ses_title=&#8221;\u0160TA NUDIMO&#8221; css=&#8221;.vc_custom_1597335814262{padding-top: 60px !important;padding-bottom: 60px !important;background-color: #292929 !important;}&#8221;][vc_column width=&#8221;1\/3&#8243;][\/vc_column][vc_column width=&#8221;1\/3&#8243;][\/vc_column][vc_column width=&#8221;1\/3&#8243;][\/vc_column][\/vc_row][vc_row extra_id=&#8221;galerija&#8221; ses_title=&#8221;GALERIJA&#8221; css=&#8221;.vc_custom_1597660801003{padding-top: 60px !important;}&#8221;][vc_column][vc_media_grid style=&#8221;load-more&#8221; items_per_page=&#8221;6&#8243; [&hellip;]<\/p>\n","protected":false},"author":1,"featured_media":0,"parent":0,"menu_order":0,"comment_status":"open","ping_status":"closed","template":"page-templates\/template-canvas.php","meta":{"footnotes":""},"class_list":["post-651","page","type-page","status-publish","hentry"],"yoast_head":"<!-- This site is optimized with the Yoast SEO Premium plugin v18.7 (Yoast SEO v19.1) - https:\/\/yoast.com\/wordpress\/plugins\/seo\/ -->\n<title>RENTAQUAD-ZLATIBOR - RENTA QUAD ZLATIBOR<\/title>\n<meta name=\"description\" content=\"Pored raznovrsnog sadr\u017eaja koji nudi Zlatibor, omogu\u0107avamo vam razgledanje ne tako urbanih delova, prirode, pejza\u017ea...\" \/>\n<meta name=\"robots\" content=\"index, follow, max-snippet:-1, max-image-preview:large, max-video-preview:-1\" \/>\n<link rel=\"canonical\" href=\"https:\/\/rentaquad-zlatibor.com\/\" \/>\n<meta property=\"og:locale\" content=\"en_US\" \/>\n<meta property=\"og:type\" content=\"article\" \/>\n<meta property=\"og:title\" content=\"RENTAQUAD-ZLATIBOR\" \/>\n<meta property=\"og:description\" content=\"Pored raznovrsnog sadr\u017eaja koji nudi Zlatibor, omogu\u0107avamo vam razgledanje ne tako urbanih delova, prirode, pejza\u017ea...\" \/>\n<meta property=\"og:url\" content=\"https:\/\/rentaquad-zlatibor.com\/\" \/>\n<meta property=\"og:site_name\" content=\"RENTA QUAD ZLATIBOR\" \/>\n<meta property=\"article:modified_time\" content=\"2025-06-11T10:55:54+00:00\" \/>\n<meta name=\"twitter:card\" content=\"summary_large_image\" \/>\n<meta name=\"twitter:label1\" content=\"Est. reading time\" \/>\n\t<meta name=\"twitter:data1\" content=\"3 minutes\" \/>\n<script type=\"application\/ld+json\" class=\"yoast-schema-graph\">{\"@context\":\"https:\/\/schema.org\",\"@graph\":[{\"@type\":\"Organization\",\"@id\":\"https:\/\/rentaquad-zlatibor.com\/#organization\",\"name\":\"RENTA QUAD Zlatibor\",\"url\":\"https:\/\/rentaquad-zlatibor.com\/\",\"sameAs\":[\"https:\/\/www.instagram.com\/rentaquadzlatibor\/\"],\"logo\":{\"@type\":\"ImageObject\",\"inLanguage\":\"en-US\",\"@id\":\"https:\/\/rentaquad-zlatibor.com\/#\/schema\/logo\/image\/\",\"url\":\"https:\/\/rentaquad-zlatibor.com\/wp-content\/uploads\/2020\/08\/renta-quad-logo3.png\",\"contentUrl\":\"https:\/\/rentaquad-zlatibor.com\/wp-content\/uploads\/2020\/08\/renta-quad-logo3.png\",\"width\":1270,\"height\":622,\"caption\":\"RENTA QUAD Zlatibor\"},\"image\":{\"@id\":\"https:\/\/rentaquad-zlatibor.com\/#\/schema\/logo\/image\/\"}},{\"@type\":\"WebSite\",\"@id\":\"https:\/\/rentaquad-zlatibor.com\/#website\",\"url\":\"https:\/\/rentaquad-zlatibor.com\/\",\"name\":\"RENTA QUAD ZLATIBOR\",\"description\":\"Iznajmljivanje kvadova na Zlatiboru\",\"publisher\":{\"@id\":\"https:\/\/rentaquad-zlatibor.com\/#organization\"},\"potentialAction\":[{\"@type\":\"SearchAction\",\"target\":{\"@type\":\"EntryPoint\",\"urlTemplate\":\"https:\/\/rentaquad-zlatibor.com\/?s={search_term_string}\"},\"query-input\":\"required name=search_term_string\"}],\"inLanguage\":\"en-US\"},{\"@type\":\"WebPage\",\"@id\":\"https:\/\/rentaquad-zlatibor.com\/#webpage\",\"url\":\"https:\/\/rentaquad-zlatibor.com\/\",\"name\":\"RENTAQUAD-ZLATIBOR - RENTA QUAD ZLATIBOR\",\"isPartOf\":{\"@id\":\"https:\/\/rentaquad-zlatibor.com\/#website\"},\"datePublished\":\"2014-11-18T06:44:45+00:00\",\"dateModified\":\"2025-06-11T10:55:54+00:00\",\"description\":\"Pored raznovrsnog sadr\u017eaja koji nudi Zlatibor, omogu\u0107avamo vam razgledanje ne tako urbanih delova, prirode, pejza\u017ea...\",\"breadcrumb\":{\"@id\":\"https:\/\/rentaquad-zlatibor.com\/#breadcrumb\"},\"inLanguage\":\"en-US\",\"potentialAction\":[{\"@type\":\"ReadAction\",\"target\":[\"https:\/\/rentaquad-zlatibor.com\/\"]}]},{\"@type\":\"BreadcrumbList\",\"@id\":\"https:\/\/rentaquad-zlatibor.com\/#breadcrumb\",\"itemListElement\":[{\"@type\":\"ListItem\",\"position\":1,\"name\":\"Home\",\"item\":\"https:\/\/rentaquad-zlatibor.com\/\"},{\"@type\":\"ListItem\",\"position\":2,\"name\":\"RENTAQUAD-ZLATIBOR\"}]}]}<\/script>\n<!-- \/ Yoast SEO Premium plugin. -->","yoast_head_json":{"title":"RENTAQUAD-ZLATIBOR - RENTA QUAD ZLATIBOR","description":"Pored raznovrsnog sadr\u017eaja koji nudi Zlatibor, omogu\u0107avamo vam razgledanje ne tako urbanih delova, prirode, pejza\u017ea...","robots":{"index":"index","follow":"follow","max-snippet":"max-snippet:-1","max-image-preview":"max-image-preview:large","max-video-preview":"max-video-preview:-1"},"canonical":"https:\/\/rentaquad-zlatibor.com\/","og_locale":"en_US","og_type":"article","og_title":"RENTAQUAD-ZLATIBOR","og_description":"Pored raznovrsnog sadr\u017eaja koji nudi Zlatibor, omogu\u0107avamo vam razgledanje ne tako urbanih delova, prirode, pejza\u017ea...","og_url":"https:\/\/rentaquad-zlatibor.com\/","og_site_name":"RENTA QUAD ZLATIBOR","article_modified_time":"2025-06-11T10:55:54+00:00","twitter_card":"summary_large_image","twitter_misc":{"Est. reading time":"3 minutes"},"schema":{"@context":"https:\/\/schema.org","@graph":[{"@type":"Organization","@id":"https:\/\/rentaquad-zlatibor.com\/#organization","name":"RENTA QUAD Zlatibor","url":"https:\/\/rentaquad-zlatibor.com\/","sameAs":["https:\/\/www.instagram.com\/rentaquadzlatibor\/"],"logo":{"@type":"ImageObject","inLanguage":"en-US","@id":"https:\/\/rentaquad-zlatibor.com\/#\/schema\/logo\/image\/","url":"https:\/\/rentaquad-zlatibor.com\/wp-content\/uploads\/2020\/08\/renta-quad-logo3.png","contentUrl":"https:\/\/rentaquad-zlatibor.com\/wp-content\/uploads\/2020\/08\/renta-quad-logo3.png","width":1270,"height":622,"caption":"RENTA QUAD Zlatibor"},"image":{"@id":"https:\/\/rentaquad-zlatibor.com\/#\/schema\/logo\/image\/"}},{"@type":"WebSite","@id":"https:\/\/rentaquad-zlatibor.com\/#website","url":"https:\/\/rentaquad-zlatibor.com\/","name":"RENTA QUAD ZLATIBOR","description":"Iznajmljivanje kvadova na Zlatiboru","publisher":{"@id":"https:\/\/rentaquad-zlatibor.com\/#organization"},"potentialAction":[{"@type":"SearchAction","target":{"@type":"EntryPoint","urlTemplate":"https:\/\/rentaquad-zlatibor.com\/?s={search_term_string}"},"query-input":"required name=search_term_string"}],"inLanguage":"en-US"},{"@type":"WebPage","@id":"https:\/\/rentaquad-zlatibor.com\/#webpage","url":"https:\/\/rentaquad-zlatibor.com\/","name":"RENTAQUAD-ZLATIBOR - RENTA QUAD ZLATIBOR","isPartOf":{"@id":"https:\/\/rentaquad-zlatibor.com\/#website"},"datePublished":"2014-11-18T06:44:45+00:00","dateModified":"2025-06-11T10:55:54+00:00","description":"Pored raznovrsnog sadr\u017eaja koji nudi Zlatibor, omogu\u0107avamo vam razgledanje ne tako urbanih delova, prirode, pejza\u017ea...","breadcrumb":{"@id":"https:\/\/rentaquad-zlatibor.com\/#breadcrumb"},"inLanguage":"en-US","potentialAction":[{"@type":"ReadAction","target":["https:\/\/rentaquad-zlatibor.com\/"]}]},{"@type":"BreadcrumbList","@id":"https:\/\/rentaquad-zlatibor.com\/#breadcrumb","itemListElement":[{"@type":"ListItem","position":1,"name":"Home","item":"https:\/\/rentaquad-zlatibor.com\/"},{"@type":"ListItem","position":2,"name":"RENTAQUAD-ZLATIBOR"}]}]}},"_links":{"self":[{"href":"https:\/\/rentaquad-zlatibor.com\/index.php\/wp-json\/wp\/v2\/pages\/651","targetHints":{"allow":["GET"]}}],"collection":[{"href":"https:\/\/rentaquad-zlatibor.com\/index.php\/wp-json\/wp\/v2\/pages"}],"about":[{"href":"https:\/\/rentaquad-zlatibor.com\/index.php\/wp-json\/wp\/v2\/types\/page"}],"author":[{"embeddable":true,"href":"https:\/\/rentaquad-zlatibor.com\/index.php\/wp-json\/wp\/v2\/users\/1"}],"replies":[{"embeddable":true,"href":"https:\/\/rentaquad-zlatibor.com\/index.php\/wp-json\/wp\/v2\/comments?post=651"}],"version-history":[{"count":98,"href":"https:\/\/rentaquad-zlatibor.com\/index.php\/wp-json\/wp\/v2\/pages\/651\/revisions"}],"predecessor-version":[{"id":876,"href":"https:\/\/rentaquad-zlatibor.com\/index.php\/wp-json\/wp\/v2\/pages\/651\/revisions\/876"}],"wp:attachment":[{"href":"https:\/\/rentaquad-zlatibor.com\/index.php\/wp-json\/wp\/v2\/media?parent=651"}],"curies":[{"name":"wp","href":"https:\/\/api.w.org\/{rel}","templated":true}]}}